{"id":230,"date":"2025-11-24T13:39:46","date_gmt":"2025-11-24T12:39:46","guid":{"rendered":"https:\/\/stiftung-sdsg.org\/imprimer\/"},"modified":"2025-11-27T16:15:24","modified_gmt":"2025-11-27T15:15:24","slug":"imprimer","status":"publish","type":"page","link":"https:\/\/stiftung-dialog-und-soziale-gesundheit.org\/fr\/imprimer\/","title":{"rendered":"Imprimer"},"content":{"rendered":"\n<p>Fondation pour le dialogue et la sant\u00e9 sociale<br>Si\u00e8ge social : Hohenzollerndamm 88, D-14199 Berlin<br>Pr\u00e9sident du Conseil d&rsquo;administration : Jason Es-Salim<br>Vice-pr\u00e9sidente du Conseil d&rsquo;administration : Ute Clement<br>Membres du Conseil d&rsquo;administration : Angelika Gross, S\u00e9gol\u00e8ne Kneipp, Claire Navel, Eva Potet, Lou Potet<br><br>Inscrite au Registre des fondations de Berlin, num\u00e9ro d&rsquo;inscription : 3416\/1156\/2<br>Juridiction comp\u00e9tente : S\u00e9nat de Berlin, D\u00e9partement de la justice, Salzburger Stra\u00dfe 21-25, 10825 Berlin<br>Num\u00e9ro d&rsquo;identification fiscale : 27-641-06802<br>Service des imp\u00f4ts : Berlin-K\u00f6rperschaften I, Bredtschneiderstra\u00dfe 5, 14057 Berlin<br>Registre de transparence : Derni\u00e8re inscription : 20 avril 2021<br><br>\u00c9quipe \u00e9ditoriale : Fondation pour le dialogue et la sant\u00e9 sociale<\/p>\n\n\n\n<p>Avertissement : Toutes les informations figurant sur le site web de la Fondation Dialogue et Sant\u00e9 Sociale ont \u00e9t\u00e9 soigneusement v\u00e9rifi\u00e9es.<\/p>\n\n\n\n<p>Mise en \u0153uvre du contenu : Angelika Gross<br>Conception technique : Lou Potet<\/p>\n\n\n\n<p><\/p>\n","protected":false},"excerpt":{"rendered":"<p>Fondation pour le dialogue et la sant\u00e9 socialeSi\u00e8ge social : Hohenzollerndamm 88, D-14199 BerlinPr\u00e9sident du Conseil d&rsquo;administration : Jason Es-SalimVice-pr\u00e9sidente du Conseil d&rsquo;administration : Ute ClementMembres du Conseil d&rsquo;administration : Angelika Gross, S\u00e9gol\u00e8ne Kneipp, Claire Navel, Eva Potet, Lou Potet Inscrite au Registre des fondations de Berlin, num\u00e9ro d&rsquo;inscription : 3416\/1156\/2Juridiction comp\u00e9tente : S\u00e9nat de &#8230; <a title=\"Imprimer\" class=\"read-more\" href=\"https:\/\/stiftung-dialog-und-soziale-gesundheit.org\/fr\/imprimer\/\" aria-label=\"En savoir plus sur Imprimer\">Lire la suite<\/a><\/p>\n","protected":false},"author":1,"featured_media":0,"parent":0,"menu_order":24,"comment_status":"closed","ping_status":"closed","template":"","meta":{"footnotes":""},"class_list":["post-230","page","type-page","status-publish"],"_links":{"self":[{"href":"https:\/\/stiftung-dialog-und-soziale-gesundheit.org\/fr\/wp-json\/wp\/v2\/pages\/230","targetHints":{"allow":["GET"]}}],"collection":[{"href":"https:\/\/stiftung-dialog-und-soziale-gesundheit.org\/fr\/wp-json\/wp\/v2\/pages"}],"about":[{"href":"https:\/\/stiftung-dialog-und-soziale-gesundheit.org\/fr\/wp-json\/wp\/v2\/types\/page"}],"author":[{"embeddable":true,"href":"https:\/\/stiftung-dialog-und-soziale-gesundheit.org\/fr\/wp-json\/wp\/v2\/users\/1"}],"replies":[{"embeddable":true,"href":"https:\/\/stiftung-dialog-und-soziale-gesundheit.org\/fr\/wp-json\/wp\/v2\/comments?post=230"}],"version-history":[{"count":2,"href":"https:\/\/stiftung-dialog-und-soziale-gesundheit.org\/fr\/wp-json\/wp\/v2\/pages\/230\/revisions"}],"predecessor-version":[{"id":236,"href":"https:\/\/stiftung-dialog-und-soziale-gesundheit.org\/fr\/wp-json\/wp\/v2\/pages\/230\/revisions\/236"}],"wp:attachment":[{"href":"https:\/\/stiftung-dialog-und-soziale-gesundheit.org\/fr\/wp-json\/wp\/v2\/media?parent=230"}],"curies":[{"name":"wp","href":"https:\/\/api.w.org\/{rel}","templated":true}]}}