{"id":170,"date":"2025-11-21T17:13:06","date_gmt":"2025-11-21T16:13:06","guid":{"rendered":"https:\/\/stiftung-sdsg.org\/lobjectif-de-notre-fondation\/"},"modified":"2025-11-24T16:43:14","modified_gmt":"2025-11-24T15:43:14","slug":"lobjectif-de-notre-fondation","status":"publish","type":"page","link":"https:\/\/stiftung-dialog-und-soziale-gesundheit.org\/fr\/lobjectif-de-notre-fondation\/","title":{"rendered":"L&rsquo;Objectif de notre Fondation"},"content":{"rendered":"\n<p><strong>La Fondation Dialogue et Sant\u00e9 Sociale<\/strong> soutient la contribution des citoyen*ne*s \u00e0 la r\u00e9alisation de modes de vie favorables \u00e0 la sant\u00e9 sociale.<\/p>\n\n<p>Le mod\u00e8le de sant\u00e9 publique \u00e0 l\u2019origine de cette d\u00e9marche est la <a href=\"https:\/\/www.euro.who.int\/de\/publications\/policy-documents\/ottawa-charter-for-health-promotion,-1986\">Charte d&rsquo;Ottawa<\/a>.<br\/>La fondation participe \u00e0 sa mise en \u0153uvre sur le plan local.<\/p>\n\n<ul class=\"wp-block-list\">\n<li>Nous soutenons et mettons en r\u00e9seau des projets favorisant la sant\u00e9 sociale<\/li>\n\n\n\n<li>Nous\u00a0 encourageons le dialogue ouvert interculturel et l&rsquo;\u00e9change de savoirs des participant*e*s \u00e0 l&rsquo;animation d&rsquo;un tiers-lieu<\/li>\n\n\n\n<li>Nous y encourageons l&rsquo;exploration d&rsquo;expressions artistiques innovantes<\/li>\n\n\n\n<li>Nous y favorisons les rencontres sociales qui n&rsquo;auraient pas lieu autrement<\/li>\n<\/ul>\n\n<blockquote class=\"wp-block-quote is-layout-flow wp-block-quote-is-layout-flow\">\n<p>Avec la Charte d&rsquo;Ottawa de 1986, l&rsquo;Organisation mondiale de la sant\u00e9 a fa\u00e7onn\u00e9 un nouveau mod\u00e8le de sant\u00e9 publique. En tenant compte des d\u00e9terminants socio-\u00e9conomiques, elle donne pour la premi\u00e8re fois une d\u00e9finition \u00e9cologique \u00e0 la sant\u00e9. La sant\u00e9 et la maladie sont d\u00e9sormais consid\u00e9r\u00e9es comme le r\u00e9sultat des interactions constantes entre les individus d&rsquo;une part, et de l\u2019autre, de celles entre l&rsquo;individu et son cadre de vie. En d\u00e9finissant des champs d&rsquo;action et des strat\u00e9gies, la Charte offre un mod\u00e8le qui permet d\u2019int\u00e9grer des contenus et des m\u00e9thodologies de sorte \u00e0 mieux inclure la soci\u00e9t\u00e9 civile aux d\u00e9cisions politiques concernant son environnement, et d\u2019accroitre son influence sur les facteurs et les conditions environnementales li\u00e9s \u00e0 la sant\u00e9.<\/p>\n<\/blockquote>\n","protected":false},"excerpt":{"rendered":"<p>La Fondation Dialogue et Sant\u00e9 Sociale soutient la contribution des citoyen*ne*s \u00e0 la r\u00e9alisation de modes de vie favorables \u00e0 la sant\u00e9 sociale. Le mod\u00e8le de sant\u00e9 publique \u00e0 l\u2019origine de cette d\u00e9marche est la Charte d&rsquo;Ottawa.La fondation participe \u00e0 sa mise en \u0153uvre sur le plan local. Avec la Charte d&rsquo;Ottawa de 1986, l&rsquo;Organisation &#8230; <a title=\"L&rsquo;Objectif de notre Fondation\" class=\"read-more\" href=\"https:\/\/stiftung-dialog-und-soziale-gesundheit.org\/fr\/lobjectif-de-notre-fondation\/\" aria-label=\"En savoir plus sur L&rsquo;Objectif de notre Fondation\">Lire la suite<\/a><\/p>\n","protected":false},"author":1,"featured_media":0,"parent":0,"menu_order":6,"comment_status":"closed","ping_status":"closed","template":"","meta":{"footnotes":""},"class_list":["post-170","page","type-page","status-publish"],"_links":{"self":[{"href":"https:\/\/stiftung-dialog-und-soziale-gesundheit.org\/fr\/wp-json\/wp\/v2\/pages\/170","targetHints":{"allow":["GET"]}}],"collection":[{"href":"https:\/\/stiftung-dialog-und-soziale-gesundheit.org\/fr\/wp-json\/wp\/v2\/pages"}],"about":[{"href":"https:\/\/stiftung-dialog-und-soziale-gesundheit.org\/fr\/wp-json\/wp\/v2\/types\/page"}],"author":[{"embeddable":true,"href":"https:\/\/stiftung-dialog-und-soziale-gesundheit.org\/fr\/wp-json\/wp\/v2\/users\/1"}],"replies":[{"embeddable":true,"href":"https:\/\/stiftung-dialog-und-soziale-gesundheit.org\/fr\/wp-json\/wp\/v2\/comments?post=170"}],"version-history":[{"count":1,"href":"https:\/\/stiftung-dialog-und-soziale-gesundheit.org\/fr\/wp-json\/wp\/v2\/pages\/170\/revisions"}],"predecessor-version":[{"id":171,"href":"https:\/\/stiftung-dialog-und-soziale-gesundheit.org\/fr\/wp-json\/wp\/v2\/pages\/170\/revisions\/171"}],"wp:attachment":[{"href":"https:\/\/stiftung-dialog-und-soziale-gesundheit.org\/fr\/wp-json\/wp\/v2\/media?parent=170"}],"curies":[{"name":"wp","href":"https:\/\/api.w.org\/{rel}","templated":true}]}}