{"id":160,"date":"2025-11-21T19:36:44","date_gmt":"2025-11-21T18:36:44","guid":{"rendered":"https:\/\/stiftung-sdsg.org\/dons\/"},"modified":"2025-11-24T16:38:18","modified_gmt":"2025-11-24T15:38:18","slug":"dons","status":"publish","type":"page","link":"https:\/\/stiftung-dialog-und-soziale-gesundheit.org\/fr\/dons\/","title":{"rendered":"Dons"},"content":{"rendered":"\n<h3 class=\"wp-block-heading\">Soutenez-nous avec vos dons!<\/h3>\n\n<p>\u200b<br\/><strong>Titulaire du compte<\/strong> Stiftung Dialog und soziale Gesundheit<br\/><strong>Banque<\/strong>\u00a0Deutsche Bank Heidelberg<br\/><strong>IBAN<\/strong> DE 35 6727 0024 0069 7672 00<br\/><strong>Bic<\/strong> DEUTDEDB672<br\/><strong>Libell\u00e9<\/strong> \u00ab\u00a0Spende\u00a0\u00bb<br\/>\u200b<br\/>Zuwendungsbest\u00e4tigungen sind abzugsf\u00e4hig. Wenn Sie uns Ihre Adresse angeben, k\u00f6nnen wir sie Ihnen jeweils am Jahresende zustellen. Bei Spenden bis zu \u20ac 300,- reicht der \u00dcberweisungsnachweis\/Kontoauszug aus, um sie steuerlich geltend machen zu k\u00f6nnen.<\/p>\n\n<h2 class=\"wp-block-heading\"><strong>Benevolat<\/strong><\/h2>\n\n<h3 class=\"wp-block-heading\">Soutenez-nous avec vos id\u00e9es et vos propositions!<\/h3>\n\n<p>Nous sommes plusieurs membres b\u00e9n\u00e9voles au conseil d&rsquo;administration \u00e0 \u0153uvrer pour le bon fonctionnement de notre fondation. Nous serions ravi*e*s de d\u00e9couvrir votre int\u00e9r\u00eat pour notre travail. Venez nous rejoindre !<br\/>Ecrivez-nous :<br\/>Angelika Gross<br\/>info@stiftung-dialog-und-soziale-gesundheit.org<\/p>\n","protected":false},"excerpt":{"rendered":"<p>Soutenez-nous avec vos dons! \u200bTitulaire du compte Stiftung Dialog und soziale GesundheitBanque\u00a0Deutsche Bank HeidelbergIBAN DE 35 6727 0024 0069 7672 00Bic DEUTDEDB672Libell\u00e9 \u00ab\u00a0Spende\u00a0\u00bb\u200bZuwendungsbest\u00e4tigungen sind abzugsf\u00e4hig. Wenn Sie uns Ihre Adresse angeben, k\u00f6nnen wir sie Ihnen jeweils am Jahresende zustellen. Bei Spenden bis zu \u20ac 300,- reicht der \u00dcberweisungsnachweis\/Kontoauszug aus, um sie steuerlich geltend machen zu &#8230; <a title=\"Dons\" class=\"read-more\" href=\"https:\/\/stiftung-dialog-und-soziale-gesundheit.org\/fr\/dons\/\" aria-label=\"En savoir plus sur Dons\">Lire la suite<\/a><\/p>\n","protected":false},"author":1,"featured_media":0,"parent":0,"menu_order":16,"comment_status":"closed","ping_status":"closed","template":"","meta":{"footnotes":""},"class_list":["post-160","page","type-page","status-publish"],"_links":{"self":[{"href":"https:\/\/stiftung-dialog-und-soziale-gesundheit.org\/fr\/wp-json\/wp\/v2\/pages\/160","targetHints":{"allow":["GET"]}}],"collection":[{"href":"https:\/\/stiftung-dialog-und-soziale-gesundheit.org\/fr\/wp-json\/wp\/v2\/pages"}],"about":[{"href":"https:\/\/stiftung-dialog-und-soziale-gesundheit.org\/fr\/wp-json\/wp\/v2\/types\/page"}],"author":[{"embeddable":true,"href":"https:\/\/stiftung-dialog-und-soziale-gesundheit.org\/fr\/wp-json\/wp\/v2\/users\/1"}],"replies":[{"embeddable":true,"href":"https:\/\/stiftung-dialog-und-soziale-gesundheit.org\/fr\/wp-json\/wp\/v2\/comments?post=160"}],"version-history":[{"count":1,"href":"https:\/\/stiftung-dialog-und-soziale-gesundheit.org\/fr\/wp-json\/wp\/v2\/pages\/160\/revisions"}],"predecessor-version":[{"id":161,"href":"https:\/\/stiftung-dialog-und-soziale-gesundheit.org\/fr\/wp-json\/wp\/v2\/pages\/160\/revisions\/161"}],"wp:attachment":[{"href":"https:\/\/stiftung-dialog-und-soziale-gesundheit.org\/fr\/wp-json\/wp\/v2\/media?parent=160"}],"curies":[{"name":"wp","href":"https:\/\/api.w.org\/{rel}","templated":true}]}}