{"id":9,"date":"2025-11-21T17:10:31","date_gmt":"2025-11-21T16:10:31","guid":{"rendered":"https:\/\/stiftung-sdsg.org\/?page_id=9"},"modified":"2025-12-01T10:26:31","modified_gmt":"2025-12-01T09:26:31","slug":"wer-wir-sind","status":"publish","type":"page","link":"https:\/\/stiftung-dialog-und-soziale-gesundheit.org\/de\/","title":{"rendered":"Wer wir sind"},"content":{"rendered":"\n<p>Die Stiftung Dialog und soziale Gesundheit hat ihren Sitz in Berlin. Sie besteht seit 2016.<br>Wir unterst\u00fctzen, begleiten und koordinieren gebietsbezogene Projekte mit dem Ziel, soziale Gesundheit auf lokaler Ebene zu f\u00f6rdern.<br>Wir f\u00f6rdern Projekte in ganz Deutschland.<br>Gemeinsame Ausrichtung der an der Stiftungsarbeit beteiligten\u00a0Stiftungsmitglieder, Projekttr\u00e4ger*innen, Kooperationspartner*innen, Mitarbeiter*innen, Ehrenamtlichen und B\u00fcrger*innen ist die Gemeinn\u00fctzigkeit.<br>Diese Ausrichtung ist f\u00fcr einen sozialer Gesundheit f\u00f6rderlichen, offenen Dialog ausschlaggebend.<\/p>\n\n\n\n<h2 class=\"wp-block-heading\">Lebenswertes Reinickendorf:<\/h2>\n\n\n\n<p><strong>\u201eM5\u201c, ein Kulturraum f\u00fcr Dialog und Bildung 2019-2025<\/strong><br>Im April 2019 hat die Stiftung an der Markstra\u00dfe 5 in Berlin-Reinickendorf mit der Umsetzung des Stiftungsprojekts \u201eM5 : ein Kulturraum f\u00fcr Dialog und Bildung\u201c begonnen.<br><a href=\"https:\/\/stiftung-dialog-und-soziale-gesundheit.org\/was-wir-tun\/lebenswertes-reinickendorf\/\" data-type=\"page\" data-id=\"48\">-&gt; Weiterlesen<\/a><\/p>\n","protected":false},"excerpt":{"rendered":"<p>Die Stiftung Dialog und soziale Gesundheit hat ihren Sitz in Berlin. Sie besteht seit 2016.Wir unterst\u00fctzen, begleiten und koordinieren gebietsbezogene Projekte mit dem Ziel, soziale Gesundheit auf lokaler Ebene zu f\u00f6rdern.Wir f\u00f6rdern Projekte in ganz Deutschland.Gemeinsame Ausrichtung der an der Stiftungsarbeit beteiligten\u00a0Stiftungsmitglieder, Projekttr\u00e4ger*innen, Kooperationspartner*innen, Mitarbeiter*innen, Ehrenamtlichen und B\u00fcrger*innen ist die Gemeinn\u00fctzigkeit.Diese Ausrichtung ist f\u00fcr einen &#8230; <a title=\"Wer wir sind\" class=\"read-more\" href=\"https:\/\/stiftung-dialog-und-soziale-gesundheit.org\/de\/\" aria-label=\"Mehr Informationen \u00fcber Wer wir sind\">Weiterlesen<\/a><\/p>\n","protected":false},"author":1,"featured_media":0,"parent":0,"menu_order":4,"comment_status":"closed","ping_status":"closed","template":"","meta":{"footnotes":""},"class_list":["post-9","page","type-page","status-publish"],"_links":{"self":[{"href":"https:\/\/stiftung-dialog-und-soziale-gesundheit.org\/de\/wp-json\/wp\/v2\/pages\/9","targetHints":{"allow":["GET"]}}],"collection":[{"href":"https:\/\/stiftung-dialog-und-soziale-gesundheit.org\/de\/wp-json\/wp\/v2\/pages"}],"about":[{"href":"https:\/\/stiftung-dialog-und-soziale-gesundheit.org\/de\/wp-json\/wp\/v2\/types\/page"}],"author":[{"embeddable":true,"href":"https:\/\/stiftung-dialog-und-soziale-gesundheit.org\/de\/wp-json\/wp\/v2\/users\/1"}],"replies":[{"embeddable":true,"href":"https:\/\/stiftung-dialog-und-soziale-gesundheit.org\/de\/wp-json\/wp\/v2\/comments?post=9"}],"version-history":[{"count":6,"href":"https:\/\/stiftung-dialog-und-soziale-gesundheit.org\/de\/wp-json\/wp\/v2\/pages\/9\/revisions"}],"predecessor-version":[{"id":375,"href":"https:\/\/stiftung-dialog-und-soziale-gesundheit.org\/de\/wp-json\/wp\/v2\/pages\/9\/revisions\/375"}],"wp:attachment":[{"href":"https:\/\/stiftung-dialog-und-soziale-gesundheit.org\/de\/wp-json\/wp\/v2\/media?parent=9"}],"curies":[{"name":"wp","href":"https:\/\/api.w.org\/{rel}","templated":true}]}}