{"id":77,"date":"2025-11-21T19:36:44","date_gmt":"2025-11-21T18:36:44","guid":{"rendered":"https:\/\/stiftung-sdsg.org\/?page_id=77"},"modified":"2025-11-21T19:51:32","modified_gmt":"2025-11-21T18:51:32","slug":"spenden","status":"publish","type":"page","link":"https:\/\/stiftung-dialog-und-soziale-gesundheit.org\/de\/spenden\/","title":{"rendered":"Spenden"},"content":{"rendered":"\n<h3 class=\"wp-block-heading\">Unterst\u00fctzen Sie uns mit Ihrer Spende !<\/h3>\n\n\n\n<p>\u200b<br><strong>Kontoinhaber<\/strong> Stiftung Dialog und soziale Gesundheit<br><strong>Bank<\/strong> Deutsche Bank Heidelberg<br><strong>IBAN<\/strong> DE 35 6727 0024 0069 7672 00<br><strong>Swift<\/strong> DEUTDEDB672<br><strong>Verwendungsnachweis<\/strong> &#8222;Spende&#8220;<br>\u200b<br>Zuwendungsbest\u00e4tigungen sind abzugsf\u00e4hig. Wenn Sie uns Ihre Adresse angeben, k\u00f6nnen wir sie Ihnen jeweils am Jahresende zustellen. Bei Spenden bis zu \u20ac 300,- reicht der \u00dcberweisungsnachweis\/Kontoauszug aus, um sie steuerlich geltend machen zu k\u00f6nnen.<\/p>\n\n\n\n<h2 class=\"wp-block-heading\"><strong>Ehrenamt<\/strong><\/h2>\n\n\n\n<h3 class=\"wp-block-heading\">Unterst\u00fctzen Sie uns mit Ihren Ideen und Vorschl\u00e4gen!<\/h3>\n\n\n\n<p>Im Stiftungsrat sind wir mehrere ehrenamtliche Mitglieder, die sich um die Stiftungst\u00e4tigkeit k\u00fcmmern. WIr sind gespannt auf Ihr Interesse an unserer Arbeit und freuen uns dar\u00fcber, wenn Sie bei uns mitmachen !<br>Schreiben Sie uns :<br>Angelika Gross<br>info@stiftung-dialog-und-soziale-gesundheit.org<\/p>\n","protected":false},"excerpt":{"rendered":"<p>Unterst\u00fctzen Sie uns mit Ihrer Spende ! \u200bKontoinhaber Stiftung Dialog und soziale GesundheitBank Deutsche Bank HeidelbergIBAN DE 35 6727 0024 0069 7672 00Swift DEUTDEDB672Verwendungsnachweis &#8222;Spende&#8220;\u200bZuwendungsbest\u00e4tigungen sind abzugsf\u00e4hig. Wenn Sie uns Ihre Adresse angeben, k\u00f6nnen wir sie Ihnen jeweils am Jahresende zustellen. Bei Spenden bis zu \u20ac 300,- reicht der \u00dcberweisungsnachweis\/Kontoauszug aus, um sie steuerlich geltend &#8230; <a title=\"Spenden\" class=\"read-more\" href=\"https:\/\/stiftung-dialog-und-soziale-gesundheit.org\/de\/spenden\/\" aria-label=\"Mehr Informationen \u00fcber Spenden\">Weiterlesen<\/a><\/p>\n","protected":false},"author":1,"featured_media":0,"parent":0,"menu_order":15,"comment_status":"closed","ping_status":"closed","template":"","meta":{"footnotes":""},"class_list":["post-77","page","type-page","status-publish"],"_links":{"self":[{"href":"https:\/\/stiftung-dialog-und-soziale-gesundheit.org\/de\/wp-json\/wp\/v2\/pages\/77","targetHints":{"allow":["GET"]}}],"collection":[{"href":"https:\/\/stiftung-dialog-und-soziale-gesundheit.org\/de\/wp-json\/wp\/v2\/pages"}],"about":[{"href":"https:\/\/stiftung-dialog-und-soziale-gesundheit.org\/de\/wp-json\/wp\/v2\/types\/page"}],"author":[{"embeddable":true,"href":"https:\/\/stiftung-dialog-und-soziale-gesundheit.org\/de\/wp-json\/wp\/v2\/users\/1"}],"replies":[{"embeddable":true,"href":"https:\/\/stiftung-dialog-und-soziale-gesundheit.org\/de\/wp-json\/wp\/v2\/comments?post=77"}],"version-history":[{"count":2,"href":"https:\/\/stiftung-dialog-und-soziale-gesundheit.org\/de\/wp-json\/wp\/v2\/pages\/77\/revisions"}],"predecessor-version":[{"id":80,"href":"https:\/\/stiftung-dialog-und-soziale-gesundheit.org\/de\/wp-json\/wp\/v2\/pages\/77\/revisions\/80"}],"wp:attachment":[{"href":"https:\/\/stiftung-dialog-und-soziale-gesundheit.org\/de\/wp-json\/wp\/v2\/media?parent=77"}],"curies":[{"name":"wp","href":"https:\/\/api.w.org\/{rel}","templated":true}]}}