{"id":48,"date":"2025-11-21T19:03:00","date_gmt":"2025-11-21T18:03:00","guid":{"rendered":"https:\/\/stiftung-sdsg.org\/?page_id=48"},"modified":"2025-11-27T17:14:16","modified_gmt":"2025-11-27T16:14:16","slug":"lebenswertes-reinickendorf","status":"publish","type":"page","link":"https:\/\/stiftung-dialog-und-soziale-gesundheit.org\/de\/was-wir-tun\/lebenswertes-reinickendorf\/","title":{"rendered":"Lebenswertes Reinickendorf:"},"content":{"rendered":"\n<h2 class=\"wp-block-heading\">&#8222;M5&#8220;, ein Kulturraum f\u00fcr Dialog und Bildung 2019-2020<\/h2>\n\n\n\n<p>Im April 2019 hat die Stiftung an der Markstra\u00dfe 5 in Berlin-Reinickendorf mit der Umsetzung des Stiftungsprojekts &#8222;M5 : ein Kulturraum f\u00fcr Dialog und Bildung&#8220; begonnen.<br>Ein Dritter Ort ist ein Brennpunkt des gesellschaftlichen Lebens in der Nachbarschaft, der Menschen in gesundheitsf\u00f6rdernde Initiativen f\u00fcr ein lebenswertes Reinickendorf einbezieht.<br>Gemeinsam mit anderen gemeinn\u00fctzigen und privaten Kooperationspartnern geben wir Gelegenheit zu Begegnungen und Veranstaltungen, verwirklichen Angebote und Projekte, mit denen wir die Wirtlichkeit in Reinickendorf f\u00f6rdern und sozialer Gesundheit abtr\u00e4glichen Barrieren entgegenwirken.<\/p>\n\n\n\n<h3 class=\"wp-block-heading\">Planhafte Kooperationsprojekte<\/h3>\n\n\n\n<ul class=\"wp-block-list\">\n<li>Kreativcaf\u00e9 (STZ &#8211; Stadtteil- und Familienzentrum Haus am See)<\/li>\n\n\n\n<li>Krabbelgruppe (ELKAR &#8211; Evangelisch-Lutherische Kirchengemeinde Reinickendorf)<\/li>\n\n\n\n<li>Mathepaten (Bildung und Gesellschaft e.V.)<\/li>\n\n\n\n<li>Selbsthilfegruppe (Gesellschaft zur F\u00f6rderung der Selbsthilfe f\u00fcr Menschen mit psychischen Erkrankungen UG)<\/li>\n\n\n\n<li>Bilderbuchstunde (Buchhandlung am Sch\u00e4fersee)<\/li>\n\n\n\n<li>Workshop schlammig dreckig na\u00df (CitizenArtDays)<\/li>\n\n\n\n<li>Konzerte Salon K (Kirschendieb&amp;Perlensucher Kulturprojekte)<\/li>\n\n\n\n<li>Neujahrsempfang (Quartiersmanagement Letteplatz)<\/li>\n\n\n\n<li>Interaktives Kunstprojekt RESONANZEN (Margit Frank)<\/li>\n\n\n\n<li>Einweihung M5 (Bezirksamt Reinickendorf )<\/li>\n\n\n\n<li>Lesefestival (StadtMuster GbR\/Quartiersmanagement Letteplatz)<\/li>\n\n\n\n<li>NABU Projektgruppe Sch\u00e4fersee<\/li>\n\n\n\n<li>Sportsfreunde der Sperrtechnik e.V.<\/li>\n\n\n\n<li>Freilandlabor (UmBiNa)<\/li>\n<\/ul>\n\n\n<style type=\"text\/css\">\n#foogallery-gallery-251.fg-justified .fg-item { margin-right: 2px; margin-bottom: 2px; }\n#foogallery-gallery-251.fg-justified .fg-image { height: 200px; }<\/style>\n\t\t\t<div class=\"foogallery foogallery-container foogallery-justified foogallery-lightbox-foogallery fg-justified fg-ready fg-light fg-shadow-outline fg-loading-default fg-loaded-fade-in fg-caption-always fg-hover-fade fg-hover-zoom2\" id=\"foogallery-gallery-251\" data-foogallery=\"{&quot;item&quot;:{&quot;showCaptionTitle&quot;:true,&quot;showCaptionDescription&quot;:false},&quot;lazy&quot;:true,&quot;template&quot;:{&quot;rowHeight&quot;:200,&quot;maxRowHeight&quot;:300,&quot;margins&quot;:2,&quot;align&quot;:&quot;center&quot;,&quot;lastRow&quot;:&quot;smart&quot;}}\" data-foogallery-lightbox=\"{&quot;thumbs&quot;:&quot;bottom&quot;,&quot;thumbsCaptions&quot;:false,&quot;thumbsBestFit&quot;:false,&quot;thumbsSmall&quot;:false,&quot;thumbsCaptionsAlign&quot;:&quot;default&quot;,&quot;info&quot;:&quot;bottom&quot;,&quot;infoVisible&quot;:true,&quot;infoOverlay&quot;:true,&quot;infoAlign&quot;:&quot;default&quot;,&quot;transition&quot;:&quot;fade&quot;,&quot;hoverButtons&quot;:false,&quot;fitMedia&quot;:false,&quot;noScrollbars&quot;:true,&quot;preserveButtonSpace&quot;:true,&quot;buttons&quot;:{&quot;fullscreen&quot;:true,&quot;info&quot;:true,&quot;thumbs&quot;:false},&quot;video&quot;:{&quot;autoPlay&quot;:true}}\" style=\"--fg-title-line-clamp: 1; --fg-description-line-clamp: 2;\" >\n\t<div class=\"fg-item fg-type-image fg-idle\"><figure class=\"fg-item-inner\"><a href=\"https:\/\/stiftung-dialog-und-soziale-gesundheit.org\/wp-content\/uploads\/2025\/11\/Werkstatt-M5.jpg.avif\" data-caption-title=\"Werkstatt M5\" data-attachment-id=\"64\" data-type=\"image\" class=\"fg-thumb\"><span class=\"fg-image-wrap\"><img fetchpriority=\"high\" decoding=\"async\" title=\"Werkstatt M5\" height=\"300\" width=\"400\" class=\"skip-lazy fg-image\" data-src-fg=\"https:\/\/stiftung-dialog-und-soziale-gesundheit.org\/wp-content\/uploads\/cache\/2025\/11\/Werkstatt-M5_jpg\/3896484979.avif\" src=\"data:image\/svg+xml,%3Csvg%20xmlns%3D%22http%3A%2F%2Fwww.w3.org%2F2000%2Fsvg%22%20width%3D%22400%22%20height%3D%22300%22%20viewBox%3D%220%200%20400%20300%22%3E%3C%2Fsvg%3E\" loading=\"eager\"><\/span><span class=\"fg-image-overlay\"><\/span><\/a><figcaption class=\"fg-caption\"><div class=\"fg-caption-inner\"><div class=\"fg-caption-title\">Werkstatt M5<\/div><\/div><\/figcaption><\/figure><div class=\"fg-loader\"><\/div><\/div><div class=\"fg-item fg-type-image fg-idle\"><figure class=\"fg-item-inner\"><a href=\"https:\/\/stiftung-dialog-und-soziale-gesundheit.org\/wp-content\/uploads\/2025\/11\/Lesefestival.jpeg.avif\" data-caption-title=\"Lesefestival\" data-attachment-id=\"65\" data-type=\"image\" class=\"fg-thumb\"><span class=\"fg-image-wrap\"><img decoding=\"async\" title=\"Lesefestival\" height=\"300\" width=\"400\" class=\"skip-lazy fg-image\" data-src-fg=\"https:\/\/stiftung-dialog-und-soziale-gesundheit.org\/wp-content\/uploads\/cache\/2025\/11\/Lesefestival_jpeg\/1338962857.avif\" src=\"data:image\/svg+xml,%3Csvg%20xmlns%3D%22http%3A%2F%2Fwww.w3.org%2F2000%2Fsvg%22%20width%3D%22400%22%20height%3D%22300%22%20viewBox%3D%220%200%20400%20300%22%3E%3C%2Fsvg%3E\" loading=\"eager\"><\/span><span class=\"fg-image-overlay\"><\/span><\/a><figcaption class=\"fg-caption\"><div class=\"fg-caption-inner\"><div class=\"fg-caption-title\">Lesefestival<\/div><\/div><\/figcaption><\/figure><div class=\"fg-loader\"><\/div><\/div><div class=\"fg-item fg-type-image fg-idle\"><figure class=\"fg-item-inner\"><a href=\"https:\/\/stiftung-dialog-und-soziale-gesundheit.org\/wp-content\/uploads\/2025\/11\/Bilderbuchstunde.jpg.avif\" data-caption-title=\"Bilderbuchstunde\" data-attachment-id=\"66\" data-type=\"image\" class=\"fg-thumb\"><span class=\"fg-image-wrap\"><img decoding=\"async\" title=\"Bilderbuchstunde\" height=\"300\" width=\"450\" class=\"skip-lazy fg-image\" data-src-fg=\"https:\/\/stiftung-dialog-und-soziale-gesundheit.org\/wp-content\/uploads\/cache\/2025\/11\/Bilderbuchstunde_jpg\/3934797186.avif\" src=\"data:image\/svg+xml,%3Csvg%20xmlns%3D%22http%3A%2F%2Fwww.w3.org%2F2000%2Fsvg%22%20width%3D%22450%22%20height%3D%22300%22%20viewBox%3D%220%200%20450%20300%22%3E%3C%2Fsvg%3E\" loading=\"eager\"><\/span><span class=\"fg-image-overlay\"><\/span><\/a><figcaption class=\"fg-caption\"><div class=\"fg-caption-inner\"><div class=\"fg-caption-title\">Bilderbuchstunde<\/div><\/div><\/figcaption><\/figure><div class=\"fg-loader\"><\/div><\/div><div class=\"fg-item fg-type-image fg-idle\"><figure class=\"fg-item-inner\"><a href=\"https:\/\/stiftung-dialog-und-soziale-gesundheit.org\/wp-content\/uploads\/2025\/11\/Krabbel-Gruppe-2.jpg.avif\" data-caption-title=\"Krabbel-Gruppe 2\" data-attachment-id=\"58\" data-type=\"image\" class=\"fg-thumb\"><span class=\"fg-image-wrap\"><img decoding=\"async\" title=\"Krabbel-Gruppe 2\" height=\"300\" width=\"450\" class=\"skip-lazy fg-image\" data-src-fg=\"https:\/\/stiftung-dialog-und-soziale-gesundheit.org\/wp-content\/uploads\/cache\/2025\/11\/Krabbel-Gruppe-2_jpg\/2334352080.avif\" src=\"data:image\/svg+xml,%3Csvg%20xmlns%3D%22http%3A%2F%2Fwww.w3.org%2F2000%2Fsvg%22%20width%3D%22450%22%20height%3D%22300%22%20viewBox%3D%220%200%20450%20300%22%3E%3C%2Fsvg%3E\" loading=\"eager\"><\/span><span class=\"fg-image-overlay\"><\/span><\/a><figcaption class=\"fg-caption\"><div class=\"fg-caption-inner\"><div class=\"fg-caption-title\">Krabbel-Gruppe 2<\/div><\/div><\/figcaption><\/figure><div class=\"fg-loader\"><\/div><\/div><div class=\"fg-item fg-type-image fg-idle\"><figure class=\"fg-item-inner\"><a href=\"https:\/\/stiftung-dialog-und-soziale-gesundheit.org\/wp-content\/uploads\/2025\/11\/Kreatives-Kalligrafie-Cafe.jpg.avif\" data-caption-title=\"Kreatives Kalligrafie-Caf\u00e9\" data-attachment-id=\"59\" data-type=\"image\" class=\"fg-thumb\"><span class=\"fg-image-wrap\"><img decoding=\"async\" title=\"Kreatives Kalligrafie-Caf\u00e9\" height=\"300\" width=\"296\" class=\"skip-lazy fg-image\" data-src-fg=\"https:\/\/stiftung-dialog-und-soziale-gesundheit.org\/wp-content\/uploads\/cache\/2025\/11\/Kreatives-Kalligrafie-Cafe_jpg\/3711604520.avif\" src=\"data:image\/svg+xml,%3Csvg%20xmlns%3D%22http%3A%2F%2Fwww.w3.org%2F2000%2Fsvg%22%20width%3D%22296%22%20height%3D%22300%22%20viewBox%3D%220%200%20296%20300%22%3E%3C%2Fsvg%3E\" loading=\"eager\"><\/span><span class=\"fg-image-overlay\"><\/span><\/a><figcaption class=\"fg-caption\"><div class=\"fg-caption-inner\"><div class=\"fg-caption-title\">Kreatives Kalligrafie-Caf\u00e9<\/div><\/div><\/figcaption><\/figure><div class=\"fg-loader\"><\/div><\/div><div class=\"fg-item fg-type-image fg-idle\"><figure class=\"fg-item-inner\"><a href=\"https:\/\/stiftung-dialog-und-soziale-gesundheit.org\/wp-content\/uploads\/2025\/11\/Kreatives-Cafe.jpg.avif\" data-caption-title=\"Kreatives Caf\u00e9\" data-attachment-id=\"60\" data-type=\"image\" class=\"fg-thumb\"><span class=\"fg-image-wrap\"><img decoding=\"async\" title=\"Kreatives Caf\u00e9\" height=\"300\" width=\"450\" class=\"skip-lazy fg-image\" data-src-fg=\"https:\/\/stiftung-dialog-und-soziale-gesundheit.org\/wp-content\/uploads\/cache\/2025\/11\/Kreatives-Cafe_jpg\/1142516651.avif\" src=\"data:image\/svg+xml,%3Csvg%20xmlns%3D%22http%3A%2F%2Fwww.w3.org%2F2000%2Fsvg%22%20width%3D%22450%22%20height%3D%22300%22%20viewBox%3D%220%200%20450%20300%22%3E%3C%2Fsvg%3E\" loading=\"eager\"><\/span><span class=\"fg-image-overlay\"><\/span><\/a><figcaption class=\"fg-caption\"><div class=\"fg-caption-inner\"><div class=\"fg-caption-title\">Kreatives Caf\u00e9<\/div><\/div><\/figcaption><\/figure><div class=\"fg-loader\"><\/div><\/div><div class=\"fg-item fg-type-image fg-idle\"><figure class=\"fg-item-inner\"><a href=\"https:\/\/stiftung-dialog-und-soziale-gesundheit.org\/wp-content\/uploads\/2025\/11\/Krabbel-Gruppe.jpg.avif\" data-caption-title=\"Krabbel-Gruppe\" data-attachment-id=\"61\" data-type=\"image\" class=\"fg-thumb\"><span class=\"fg-image-wrap\"><img decoding=\"async\" title=\"Krabbel-Gruppe\" height=\"300\" width=\"424\" class=\"skip-lazy fg-image\" data-src-fg=\"https:\/\/stiftung-dialog-und-soziale-gesundheit.org\/wp-content\/uploads\/cache\/2025\/11\/Krabbel-Gruppe_jpg\/2706143191.avif\" src=\"data:image\/svg+xml,%3Csvg%20xmlns%3D%22http%3A%2F%2Fwww.w3.org%2F2000%2Fsvg%22%20width%3D%22424%22%20height%3D%22300%22%20viewBox%3D%220%200%20424%20300%22%3E%3C%2Fsvg%3E\" loading=\"eager\"><\/span><span class=\"fg-image-overlay\"><\/span><\/a><figcaption class=\"fg-caption\"><div class=\"fg-caption-inner\"><div class=\"fg-caption-title\">Krabbel-Gruppe<\/div><\/div><\/figcaption><\/figure><div class=\"fg-loader\"><\/div><\/div><div class=\"fg-item fg-type-image fg-idle\"><figure class=\"fg-item-inner\"><a href=\"https:\/\/stiftung-dialog-und-soziale-gesundheit.org\/wp-content\/uploads\/2025\/11\/Klassisches-Konzert-Musikfestival-Klangs.jpeg.avif\" data-caption-title=\"Klassisches Konzert Musikfestival Klangs\" data-attachment-id=\"62\" data-type=\"image\" class=\"fg-thumb\"><span class=\"fg-image-wrap\"><img decoding=\"async\" title=\"Klassisches Konzert Musikfestival Klangs\" height=\"300\" width=\"450\" class=\"skip-lazy fg-image\" data-src-fg=\"https:\/\/stiftung-dialog-und-soziale-gesundheit.org\/wp-content\/uploads\/cache\/2025\/11\/Klassisches-Konzert-Musikfestival-Klangs_jpeg\/1419502859.avif\" src=\"data:image\/svg+xml,%3Csvg%20xmlns%3D%22http%3A%2F%2Fwww.w3.org%2F2000%2Fsvg%22%20width%3D%22450%22%20height%3D%22300%22%20viewBox%3D%220%200%20450%20300%22%3E%3C%2Fsvg%3E\" loading=\"eager\"><\/span><span class=\"fg-image-overlay\"><\/span><\/a><figcaption class=\"fg-caption\"><div class=\"fg-caption-inner\"><div class=\"fg-caption-title\">Klassisches Konzert Musikfestival Klangs<\/div><\/div><\/figcaption><\/figure><div class=\"fg-loader\"><\/div><\/div><div class=\"fg-item fg-type-image fg-idle\"><figure class=\"fg-item-inner\"><a href=\"https:\/\/stiftung-dialog-und-soziale-gesundheit.org\/wp-content\/uploads\/2025\/11\/Klangstrasse-Musikfestival.jpeg.avif\" data-caption-title=\"Klangstrasse Musikfestival\" data-attachment-id=\"63\" data-type=\"image\" class=\"fg-thumb\"><span class=\"fg-image-wrap\"><img decoding=\"async\" title=\"Klangstrasse Musikfestival\" height=\"300\" width=\"450\" class=\"skip-lazy fg-image\" data-src-fg=\"https:\/\/stiftung-dialog-und-soziale-gesundheit.org\/wp-content\/uploads\/cache\/2025\/11\/Klangstrasse-Musikfestival_jpeg\/3256015859.avif\" src=\"data:image\/svg+xml,%3Csvg%20xmlns%3D%22http%3A%2F%2Fwww.w3.org%2F2000%2Fsvg%22%20width%3D%22450%22%20height%3D%22300%22%20viewBox%3D%220%200%20450%20300%22%3E%3C%2Fsvg%3E\" loading=\"eager\"><\/span><span class=\"fg-image-overlay\"><\/span><\/a><figcaption class=\"fg-caption\"><div class=\"fg-caption-inner\"><div class=\"fg-caption-title\">Klangstrasse Musikfestival<\/div><\/div><\/figcaption><\/figure><div class=\"fg-loader\"><\/div><\/div><div class=\"fg-item fg-type-image fg-idle\"><figure class=\"fg-item-inner\"><a href=\"https:\/\/stiftung-dialog-und-soziale-gesundheit.org\/wp-content\/uploads\/2025\/11\/Gitarrenkonzert-Musikfestival-Klangstrasse.jpeg.avif\" data-caption-title=\"Gitarrenkonzert Musikfestival Klangstra\u00dfe\" data-attachment-id=\"57\" data-type=\"image\" class=\"fg-thumb\"><span class=\"fg-image-wrap\"><img decoding=\"async\" title=\"Gitarrenkonzert Musikfestival Klangstra\u00dfe\" height=\"300\" width=\"450\" class=\"skip-lazy fg-image\" data-src-fg=\"https:\/\/stiftung-dialog-und-soziale-gesundheit.org\/wp-content\/uploads\/cache\/2025\/11\/Gitarrenkonzert-Musikfestival-Klangstrasse_jpeg\/919193029.avif\" src=\"data:image\/svg+xml,%3Csvg%20xmlns%3D%22http%3A%2F%2Fwww.w3.org%2F2000%2Fsvg%22%20width%3D%22450%22%20height%3D%22300%22%20viewBox%3D%220%200%20450%20300%22%3E%3C%2Fsvg%3E\" loading=\"eager\"><\/span><span class=\"fg-image-overlay\"><\/span><\/a><figcaption class=\"fg-caption\"><div class=\"fg-caption-inner\"><div class=\"fg-caption-title\">Gitarrenkonzert Musikfestival Klangstra\u00dfe<\/div><\/div><\/figcaption><\/figure><div class=\"fg-loader\"><\/div><\/div><div class=\"fg-item fg-type-image fg-idle\"><figure class=\"fg-item-inner\"><a href=\"https:\/\/stiftung-dialog-und-soziale-gesundheit.org\/wp-content\/uploads\/2025\/11\/Kreatives-Cafe-der-Frauengruppe.jpg.avif\" data-caption-title=\"Kreatives Caf\u00e9 der Frauengruppe\" data-attachment-id=\"56\" data-type=\"image\" class=\"fg-thumb\"><span class=\"fg-image-wrap\"><img decoding=\"async\" title=\"Kreatives Caf\u00e9 der Frauengruppe\" height=\"300\" width=\"450\" class=\"skip-lazy fg-image\" data-src-fg=\"https:\/\/stiftung-dialog-und-soziale-gesundheit.org\/wp-content\/uploads\/cache\/2025\/11\/Kreatives-Cafe-der-Frauengruppe_jpg\/211246849.avif\" src=\"data:image\/svg+xml,%3Csvg%20xmlns%3D%22http%3A%2F%2Fwww.w3.org%2F2000%2Fsvg%22%20width%3D%22450%22%20height%3D%22300%22%20viewBox%3D%220%200%20450%20300%22%3E%3C%2Fsvg%3E\" loading=\"eager\"><\/span><span class=\"fg-image-overlay\"><\/span><\/a><figcaption class=\"fg-caption\"><div class=\"fg-caption-inner\"><div class=\"fg-caption-title\">Kreatives Caf\u00e9 der Frauengruppe<\/div><\/div><\/figcaption><\/figure><div class=\"fg-loader\"><\/div><\/div><div class=\"fg-item fg-type-image fg-idle\"><figure class=\"fg-item-inner\"><a href=\"https:\/\/stiftung-dialog-und-soziale-gesundheit.org\/wp-content\/uploads\/2025\/11\/Adventsfest.jpg.avif\" data-caption-title=\"Adventsfest\" data-attachment-id=\"55\" data-type=\"image\" class=\"fg-thumb\"><span class=\"fg-image-wrap\"><img decoding=\"async\" title=\"Adventsfest\" height=\"300\" width=\"400\" class=\"skip-lazy fg-image\" data-src-fg=\"https:\/\/stiftung-dialog-und-soziale-gesundheit.org\/wp-content\/uploads\/cache\/2025\/11\/Adventsfest_jpg\/2350141596.avif\" src=\"data:image\/svg+xml,%3Csvg%20xmlns%3D%22http%3A%2F%2Fwww.w3.org%2F2000%2Fsvg%22%20width%3D%22400%22%20height%3D%22300%22%20viewBox%3D%220%200%20400%20300%22%3E%3C%2Fsvg%3E\" loading=\"eager\"><\/span><span class=\"fg-image-overlay\"><\/span><\/a><figcaption class=\"fg-caption\"><div class=\"fg-caption-inner\"><div class=\"fg-caption-title\">Adventsfest<\/div><\/div><\/figcaption><\/figure><div class=\"fg-loader\"><\/div><\/div><div class=\"fg-item fg-type-image fg-idle\"><figure class=\"fg-item-inner\"><a href=\"https:\/\/stiftung-dialog-und-soziale-gesundheit.org\/wp-content\/uploads\/2025\/11\/Werkstatt.jpg.avif\" data-caption-title=\"Werkstatt\" data-attachment-id=\"54\" data-type=\"image\" class=\"fg-thumb\"><span class=\"fg-image-wrap\"><img decoding=\"async\" title=\"Werkstatt\" height=\"300\" width=\"328\" class=\"skip-lazy fg-image\" data-src-fg=\"https:\/\/stiftung-dialog-und-soziale-gesundheit.org\/wp-content\/uploads\/cache\/2025\/11\/Werkstatt_jpg\/314639439.avif\" src=\"data:image\/svg+xml,%3Csvg%20xmlns%3D%22http%3A%2F%2Fwww.w3.org%2F2000%2Fsvg%22%20width%3D%22328%22%20height%3D%22300%22%20viewBox%3D%220%200%20328%20300%22%3E%3C%2Fsvg%3E\" loading=\"eager\"><\/span><span class=\"fg-image-overlay\"><\/span><\/a><figcaption class=\"fg-caption\"><div class=\"fg-caption-inner\"><div class=\"fg-caption-title\">Werkstatt<\/div><\/div><\/figcaption><\/figure><div class=\"fg-loader\"><\/div><\/div><div class=\"fg-item fg-type-image fg-idle\"><figure class=\"fg-item-inner\"><a href=\"https:\/\/stiftung-dialog-und-soziale-gesundheit.org\/wp-content\/uploads\/2025\/11\/Zwischenpause-Musikfestival-Klangstrasse.jpeg.avif\" data-caption-title=\"Zwischenpause Musikfestival Klangstra\u00dfe\" data-attachment-id=\"53\" data-type=\"image\" class=\"fg-thumb\"><span class=\"fg-image-wrap\"><img decoding=\"async\" title=\"Zwischenpause Musikfestival Klangstra\u00dfe\" height=\"300\" width=\"450\" class=\"skip-lazy fg-image\" data-src-fg=\"https:\/\/stiftung-dialog-und-soziale-gesundheit.org\/wp-content\/uploads\/cache\/2025\/11\/Zwischenpause-Musikfestival-Klangstrasse_jpeg\/2781758581.avif\" src=\"data:image\/svg+xml,%3Csvg%20xmlns%3D%22http%3A%2F%2Fwww.w3.org%2F2000%2Fsvg%22%20width%3D%22450%22%20height%3D%22300%22%20viewBox%3D%220%200%20450%20300%22%3E%3C%2Fsvg%3E\" loading=\"eager\"><\/span><span class=\"fg-image-overlay\"><\/span><\/a><figcaption class=\"fg-caption\"><div class=\"fg-caption-inner\"><div class=\"fg-caption-title\">Zwischenpause Musikfestival Klangstra\u00dfe<\/div><\/div><\/figcaption><\/figure><div class=\"fg-loader\"><\/div><\/div><div class=\"fg-item fg-type-image fg-idle\"><figure class=\"fg-item-inner\"><a href=\"https:\/\/stiftung-dialog-und-soziale-gesundheit.org\/wp-content\/uploads\/2025\/11\/Lesung.jpeg.avif\" data-caption-title=\"Lesung\" data-attachment-id=\"52\" data-type=\"image\" class=\"fg-thumb\"><span class=\"fg-image-wrap\"><img decoding=\"async\" title=\"Lesung\" height=\"300\" width=\"400\" class=\"skip-lazy fg-image\" data-src-fg=\"https:\/\/stiftung-dialog-und-soziale-gesundheit.org\/wp-content\/uploads\/cache\/2025\/11\/Lesung_jpeg\/1084591423.avif\" src=\"data:image\/svg+xml,%3Csvg%20xmlns%3D%22http%3A%2F%2Fwww.w3.org%2F2000%2Fsvg%22%20width%3D%22400%22%20height%3D%22300%22%20viewBox%3D%220%200%20400%20300%22%3E%3C%2Fsvg%3E\" loading=\"eager\"><\/span><span class=\"fg-image-overlay\"><\/span><\/a><figcaption class=\"fg-caption\"><div class=\"fg-caption-inner\"><div class=\"fg-caption-title\">Lesung<\/div><\/div><\/figcaption><\/figure><div class=\"fg-loader\"><\/div><\/div><\/div>\n","protected":false},"excerpt":{"rendered":"<p>&#8222;M5&#8220;, ein Kulturraum f\u00fcr Dialog und Bildung 2019-2020 Im April 2019 hat die Stiftung an der Markstra\u00dfe 5 in Berlin-Reinickendorf mit der Umsetzung des Stiftungsprojekts &#8222;M5 : ein Kulturraum f\u00fcr Dialog und Bildung&#8220; begonnen.Ein Dritter Ort ist ein Brennpunkt des gesellschaftlichen Lebens in der Nachbarschaft, der Menschen in gesundheitsf\u00f6rdernde Initiativen f\u00fcr ein lebenswertes Reinickendorf einbezieht.Gemeinsam &#8230; <a title=\"Lebenswertes Reinickendorf:\" class=\"read-more\" href=\"https:\/\/stiftung-dialog-und-soziale-gesundheit.org\/de\/was-wir-tun\/lebenswertes-reinickendorf\/\" aria-label=\"Mehr Informationen \u00fcber Lebenswertes Reinickendorf:\">Weiterlesen<\/a><\/p>\n","protected":false},"author":1,"featured_media":0,"parent":17,"menu_order":13,"comment_status":"closed","ping_status":"closed","template":"","meta":{"footnotes":""},"class_list":["post-48","page","type-page","status-publish"],"_links":{"self":[{"href":"https:\/\/stiftung-dialog-und-soziale-gesundheit.org\/de\/wp-json\/wp\/v2\/pages\/48","targetHints":{"allow":["GET"]}}],"collection":[{"href":"https:\/\/stiftung-dialog-und-soziale-gesundheit.org\/de\/wp-json\/wp\/v2\/pages"}],"about":[{"href":"https:\/\/stiftung-dialog-und-soziale-gesundheit.org\/de\/wp-json\/wp\/v2\/types\/page"}],"author":[{"embeddable":true,"href":"https:\/\/stiftung-dialog-und-soziale-gesundheit.org\/de\/wp-json\/wp\/v2\/users\/1"}],"replies":[{"embeddable":true,"href":"https:\/\/stiftung-dialog-und-soziale-gesundheit.org\/de\/wp-json\/wp\/v2\/comments?post=48"}],"version-history":[{"count":6,"href":"https:\/\/stiftung-dialog-und-soziale-gesundheit.org\/de\/wp-json\/wp\/v2\/pages\/48\/revisions"}],"predecessor-version":[{"id":252,"href":"https:\/\/stiftung-dialog-und-soziale-gesundheit.org\/de\/wp-json\/wp\/v2\/pages\/48\/revisions\/252"}],"up":[{"embeddable":true,"href":"https:\/\/stiftung-dialog-und-soziale-gesundheit.org\/de\/wp-json\/wp\/v2\/pages\/17"}],"wp:attachment":[{"href":"https:\/\/stiftung-dialog-und-soziale-gesundheit.org\/de\/wp-json\/wp\/v2\/media?parent=48"}],"curies":[{"name":"wp","href":"https:\/\/api.w.org\/{rel}","templated":true}]}}