{"id":13,"date":"2025-11-21T17:13:06","date_gmt":"2025-11-21T16:13:06","guid":{"rendered":"https:\/\/stiftung-sdsg.org\/?page_id=13"},"modified":"2025-11-27T17:54:45","modified_gmt":"2025-11-27T16:54:45","slug":"stiftungszweck","status":"publish","type":"page","link":"https:\/\/stiftung-dialog-und-soziale-gesundheit.org\/de\/stiftungszweck\/","title":{"rendered":"Stiftungszweck"},"content":{"rendered":"\n<p>\u200b<strong>Die Stiftung Dialog und Soziale Gesundheit<\/strong>&nbsp;hat sich zum Ziel gesetzt, den Beitrag der Zivilgesellschaft zur Entstehung sozialer Gesundheit f\u00f6rderlicher Lebensweisen zu unterst\u00fctzen.<\/p>\n\n\n\n<p>Sie orientiert sich am gesundheitspolitischen Leitbild der\u00a0<a href=\"https:\/\/stiftung-dialog-und-soziale-gesundheit.org\/wp-content\/uploads\/2025\/11\/Ottawa-Charta.pdf\" target=\"_blank\" rel=\"noreferrer noopener\">Charta von Ottawa<\/a>\u00a0und setzt sich f\u00fcr deren Umsetzung vor Ort ein.<\/p>\n\n\n\n<ul class=\"wp-block-list\">\n<li>Wir unterst\u00fctzen und vernetzen Projekte, die sozialer Gesundheit f\u00f6rderlich sind.<\/li>\n\n\n\n<li>Wir f\u00f6rdern den offenen, interkulturellen Dialog und den Wissensaustausch mit dem Projekt eines Dritten Ortes und der Koordinierung von Angeboten<\/li>\n\n\n\n<li>Wir machen Mut zu neuen Wegen k\u00fcnstlerischer Ausdrucksformen<\/li>\n\n\n\n<li>Wir schaffen Gelegenheiten zu sozialen Begegnungen, die sonst nicht stattfinden w\u00fcrden<\/li>\n<\/ul>\n\n\n\n<blockquote class=\"wp-block-quote is-layout-flow wp-block-quote-is-layout-flow\">\n<p>Mit der Charta von Ottawa von 1986 hat die Weltgesundheitsorganisation ein innovatives gesundheitspolitisches Leitbild gepr\u00e4gt. Durch die Ber\u00fccksichtigung sozio-kultureller und wirtschaftlicher Determinanten wird Gesundheit erstmals in einem \u00f6kologischen Sinn definiert. Gesundheit bzw. Krankheit wird jetzt einerseits als das Ergebnis einer st\u00e4ndigen Wechselwirkung zwischen den Individuen untereinander und andererseits auch zwischen dem Individuum und seinen Lebensbedingungen betrachtet. Die in der Charta festgelegten Handlungsfelder und \u2013strategien bieten ein inhaltliches und methodisches Integrationsmodell an, um die Zivilgesellschaft in die politische Gestaltung ihrer Umwelt und die Einflu\u00dfnahme auf die gesundheitsrelevanten Faktoren und Umweltbedingungen besser mit einzubeziehen.<\/p>\n<\/blockquote>\n","protected":false},"excerpt":{"rendered":"<p>\u200bDie Stiftung Dialog und Soziale Gesundheit&nbsp;hat sich zum Ziel gesetzt, den Beitrag der Zivilgesellschaft zur Entstehung sozialer Gesundheit f\u00f6rderlicher Lebensweisen zu unterst\u00fctzen. Sie orientiert sich am gesundheitspolitischen Leitbild der\u00a0Charta von Ottawa\u00a0und setzt sich f\u00fcr deren Umsetzung vor Ort ein. Mit der Charta von Ottawa von 1986 hat die Weltgesundheitsorganisation ein innovatives gesundheitspolitisches Leitbild gepr\u00e4gt. Durch &#8230; <a title=\"Stiftungszweck\" class=\"read-more\" href=\"https:\/\/stiftung-dialog-und-soziale-gesundheit.org\/de\/stiftungszweck\/\" aria-label=\"Mehr Informationen \u00fcber Stiftungszweck\">Weiterlesen<\/a><\/p>\n","protected":false},"author":1,"featured_media":0,"parent":0,"menu_order":5,"comment_status":"closed","ping_status":"closed","template":"","meta":{"footnotes":""},"class_list":["post-13","page","type-page","status-publish"],"_links":{"self":[{"href":"https:\/\/stiftung-dialog-und-soziale-gesundheit.org\/de\/wp-json\/wp\/v2\/pages\/13","targetHints":{"allow":["GET"]}}],"collection":[{"href":"https:\/\/stiftung-dialog-und-soziale-gesundheit.org\/de\/wp-json\/wp\/v2\/pages"}],"about":[{"href":"https:\/\/stiftung-dialog-und-soziale-gesundheit.org\/de\/wp-json\/wp\/v2\/types\/page"}],"author":[{"embeddable":true,"href":"https:\/\/stiftung-dialog-und-soziale-gesundheit.org\/de\/wp-json\/wp\/v2\/users\/1"}],"replies":[{"embeddable":true,"href":"https:\/\/stiftung-dialog-und-soziale-gesundheit.org\/de\/wp-json\/wp\/v2\/comments?post=13"}],"version-history":[{"count":3,"href":"https:\/\/stiftung-dialog-und-soziale-gesundheit.org\/de\/wp-json\/wp\/v2\/pages\/13\/revisions"}],"predecessor-version":[{"id":274,"href":"https:\/\/stiftung-dialog-und-soziale-gesundheit.org\/de\/wp-json\/wp\/v2\/pages\/13\/revisions\/274"}],"wp:attachment":[{"href":"https:\/\/stiftung-dialog-und-soziale-gesundheit.org\/de\/wp-json\/wp\/v2\/media?parent=13"}],"curies":[{"name":"wp","href":"https:\/\/api.w.org\/{rel}","templated":true}]}}