{"id":107,"date":"2025-11-24T13:39:46","date_gmt":"2025-11-24T12:39:46","guid":{"rendered":"https:\/\/stiftung-sdsg.org\/?page_id=107"},"modified":"2026-02-23T17:08:30","modified_gmt":"2026-02-23T16:08:30","slug":"impressum","status":"publish","type":"page","link":"https:\/\/stiftung-dialog-und-soziale-gesundheit.org\/de\/impressum\/","title":{"rendered":"Impressum"},"content":{"rendered":"\n<p>Stiftung Dialog und Soziale Gesundheit<br>Stiftungssitz : Hohenzollerndamm 88 D-14199 BERLIN<br>Vorstandsvorsitzender: Jason Es-Salim<br>Stiftungsrat: Angelika Gross, S\u00e9gol\u00e8ne Kneipp, Claire Navel, Eva Potet, Lou Potet<br>\u200b<br>Eintragung im Stiftungsregister BERLIN Registriernummer: 3416\/1156\/2<br>Gerichtsstelle: Senatsverwaltung f\u00fcr Justiz, Salzburger Stra\u00dfe 21-25, 10825 BERLIN<br>Steuernummer: 27-641-06802<br>Finanzamt: Berlin-K\u00f6rperschaften I Bredtschneiderstra\u00dfe 5 14057 BERLIN<br>Transparenzregister: Letzter Eintrag:08.01.2026<br>\u200b<br>Redaktion: Stiftung Dialog und soziale Gesundheit<\/p>\n\n\n\n<p>Haftungshinweise: Alle Angaben auf der Website der Stiftung Dialog und Soziale Gesundheit wurden sorgf\u00e4ltig gepr\u00fcft.<\/p>\n\n\n\n<p>Inhaltliche Umsetzung: Angelika Gross<\/p>\n\n\n\n<p>Technische Gestaltung: Lou Potet<\/p>\n\n\n\n<p><\/p>\n","protected":false},"excerpt":{"rendered":"<p>Stiftung Dialog und Soziale GesundheitStiftungssitz : Hohenzollerndamm 88 D-14199 BERLINVorstandsvorsitzender: Jason Es-SalimStiftungsrat: Angelika Gross, S\u00e9gol\u00e8ne Kneipp, Claire Navel, Eva Potet, Lou Potet\u200bEintragung im Stiftungsregister BERLIN Registriernummer: 3416\/1156\/2Gerichtsstelle: Senatsverwaltung f\u00fcr Justiz, Salzburger Stra\u00dfe 21-25, 10825 BERLINSteuernummer: 27-641-06802Finanzamt: Berlin-K\u00f6rperschaften I Bredtschneiderstra\u00dfe 5 14057 BERLINTransparenzregister: Letzter Eintrag:08.01.2026\u200bRedaktion: Stiftung Dialog und soziale Gesundheit Haftungshinweise: Alle Angaben auf der Website &#8230; <a title=\"Impressum\" class=\"read-more\" href=\"https:\/\/stiftung-dialog-und-soziale-gesundheit.org\/de\/impressum\/\" aria-label=\"Mehr Informationen \u00fcber Impressum\">Weiterlesen<\/a><\/p>\n","protected":false},"author":1,"featured_media":0,"parent":0,"menu_order":23,"comment_status":"closed","ping_status":"closed","template":"","meta":{"footnotes":""},"class_list":["post-107","page","type-page","status-publish"],"_links":{"self":[{"href":"https:\/\/stiftung-dialog-und-soziale-gesundheit.org\/de\/wp-json\/wp\/v2\/pages\/107","targetHints":{"allow":["GET"]}}],"collection":[{"href":"https:\/\/stiftung-dialog-und-soziale-gesundheit.org\/de\/wp-json\/wp\/v2\/pages"}],"about":[{"href":"https:\/\/stiftung-dialog-und-soziale-gesundheit.org\/de\/wp-json\/wp\/v2\/types\/page"}],"author":[{"embeddable":true,"href":"https:\/\/stiftung-dialog-und-soziale-gesundheit.org\/de\/wp-json\/wp\/v2\/users\/1"}],"replies":[{"embeddable":true,"href":"https:\/\/stiftung-dialog-und-soziale-gesundheit.org\/de\/wp-json\/wp\/v2\/comments?post=107"}],"version-history":[{"count":2,"href":"https:\/\/stiftung-dialog-und-soziale-gesundheit.org\/de\/wp-json\/wp\/v2\/pages\/107\/revisions"}],"predecessor-version":[{"id":392,"href":"https:\/\/stiftung-dialog-und-soziale-gesundheit.org\/de\/wp-json\/wp\/v2\/pages\/107\/revisions\/392"}],"wp:attachment":[{"href":"https:\/\/stiftung-dialog-und-soziale-gesundheit.org\/de\/wp-json\/wp\/v2\/media?parent=107"}],"curies":[{"name":"wp","href":"https:\/\/api.w.org\/{rel}","templated":true}]}}